{"id":3249,"date":"2025-10-16T11:08:10","date_gmt":"2025-10-16T11:08:10","guid":{"rendered":"https:\/\/lopia.is\/?post_type=product&#038;p=3249"},"modified":"2026-03-09T06:11:50","modified_gmt":"2026-03-09T06:11:50","slug":"brun-hestapeysa","status":"publish","type":"product","link":"https:\/\/lopia.is\/en\/product\/brun-hestapeysa\/","title":{"rendered":"Br\u00fan hestapeysa"},"content":{"rendered":"<p>Falleg, klass\u00edsk lopapeysa me\u00f0 hestamunstri . H\u00e9r er h\u00fan \u00ed br\u00fanum\u00a0 litum, en h\u00e6gt er a\u00f0 velja um \u00f3tal a\u00f0rar litasamsetningar.<\/p>\n<p>Allar peysur eru handprj\u00f3na\u00f0ar \u00ed samvinnu vi\u00f0 kaupandann og h\u00e6gt er a\u00f0 velja liti, st\u00e6r\u00f0 og \u00fatf\u00e6rslur eftir \u00f3skum.<\/p>\n<p>Einnig er h\u00e6gt a\u00f0 f\u00e1 \u00feessa peysu me\u00f0 kraga \u00ed sta\u00f0inn fyrir hettu, og h\u00e6gt er a\u00f0 velja um rennil\u00e1s e\u00f0a t\u00f6lur<\/p>\n<p>Ekki hika vi\u00f0 a\u00f0 hafa samband fyrir \u00fe\u00ednar \u00f3skir.<\/p>\n","protected":false},"excerpt":{"rendered":"<p>Falleg, klass\u00edsk lopapeysa me\u00f0 hestamunstri . H\u00e9r er h\u00fan \u00ed br\u00fanum\u00a0 litum, en h\u00e6gt er a\u00f0 velja um \u00f3tal a\u00f0rar [&hellip;]<\/p>\n","protected":false},"featured_media":3250,"comment_status":"open","ping_status":"closed","template":"","meta":{"site-sidebar-layout":"default","site-content-layout":"","ast-site-content-layout":"default","site-content-style":"default","site-sidebar-style":"default","ast-global-header-display":"","ast-banner-title-visibility":"","ast-main-header-display":"","ast-hfb-above-header-display":"","ast-hfb-below-header-display":"","ast-hfb-mobile-header-display":"","site-post-title":"","ast-breadcrumbs-content":"","ast-featured-img":"","footer-sml-layout":"","ast-disable-related-posts":"","theme-transparent-header-meta":"default","adv-header-id-meta":"","stick-header-meta":"","header-above-stick-meta":"","header-main-stick-meta":"","header-below-stick-meta":"","astra-migrate-meta-layouts":"set","ast-page-background-enabled":"default","ast-page-background-meta":{"desktop":{"background-color":"var(--ast-global-color-4)","background-image":"","background-repeat":"repeat","background-position":"center center","background-size":"auto","background-attachment":"scroll","background-type":"","background-media":"","overlay-type":"","overlay-color":"","overlay-opacity":"","overlay-gradient":""},"tablet":{"background-color":"","background-image":"","background-repeat":"repeat","background-position":"center center","background-size":"auto","background-attachment":"scroll","background-type":"","background-media":"","overlay-type":"","overlay-color":"","overlay-opacity":"","overlay-gradient":""},"mobile":{"background-color":"","background-image":"","background-repeat":"repeat","background-position":"center center","background-size":"auto","background-attachment":"scroll","background-type":"","background-media":"","overlay-type":"","overlay-color":"","overlay-opacity":"","overlay-gradient":""}},"ast-content-background-meta":{"desktop":{"background-color":"var(--ast-global-color-5)","background-image":"","background-repeat":"repeat","background-position":"center center","background-size":"auto","background-attachment":"scroll","background-type":"","background-media":"","overlay-type":"","overlay-color":"","overlay-opacity":"","overlay-gradient":""},"tablet":{"background-color":"var(--ast-global-color-5)","background-image":"","background-repeat":"repeat","background-position":"center center","background-size":"auto","background-attachment":"scroll","background-type":"","background-media":"","overlay-type":"","overlay-color":"","overlay-opacity":"","overlay-gradient":""},"mobile":{"background-color":"var(--ast-global-color-5)","background-image":"","background-repeat":"repeat","background-position":"center center","background-size":"auto","background-attachment":"scroll","background-type":"","background-media":"","overlay-type":"","overlay-color":"","overlay-opacity":"","overlay-gradient":""}}},"product_brand":[],"product_cat":[114],"product_tag":[],"class_list":{"0":"post-3249","1":"product","2":"type-product","3":"status-publish","4":"has-post-thumbnail","6":"product_cat-klassiskar","7":"desktop-align-center","8":"tablet-align-center","9":"mobile-align-center","10":"ast-product-gallery-layout-horizontal-slider","11":"ast-product-gallery-with-no-image","12":"ast-product-single-variable","13":"ast-product-tabs-layout-distributed","15":"first","16":"instock","17":"taxable","18":"shipping-taxable","19":"purchasable","20":"product-type-variable"},"jetpack_sharing_enabled":true,"jetpack_likes_enabled":true,"_links":{"self":[{"href":"https:\/\/lopia.is\/en\/wp-json\/wp\/v2\/product\/3249","targetHints":{"allow":["GET"]}}],"collection":[{"href":"https:\/\/lopia.is\/en\/wp-json\/wp\/v2\/product"}],"about":[{"href":"https:\/\/lopia.is\/en\/wp-json\/wp\/v2\/types\/product"}],"replies":[{"embeddable":true,"href":"https:\/\/lopia.is\/en\/wp-json\/wp\/v2\/comments?post=3249"}],"wp:featuredmedia":[{"embeddable":true,"href":"https:\/\/lopia.is\/en\/wp-json\/wp\/v2\/media\/3250"}],"wp:attachment":[{"href":"https:\/\/lopia.is\/en\/wp-json\/wp\/v2\/media?parent=3249"}],"wp:term":[{"taxonomy":"product_brand","embeddable":true,"href":"https:\/\/lopia.is\/en\/wp-json\/wp\/v2\/product_brand?post=3249"},{"taxonomy":"product_cat","embeddable":true,"href":"https:\/\/lopia.is\/en\/wp-json\/wp\/v2\/product_cat?post=3249"},{"taxonomy":"product_tag","embeddable":true,"href":"https:\/\/lopia.is\/en\/wp-json\/wp\/v2\/product_tag?post=3249"}],"curies":[{"name":"wp","href":"https:\/\/api.w.org\/{rel}","templated":true}]}}