{"id":1552,"date":"2025-06-18T18:05:10","date_gmt":"2025-06-18T18:05:10","guid":{"rendered":"https:\/\/lopia.is\/?post_type=product&#038;p=1552"},"modified":"2025-10-18T12:08:10","modified_gmt":"2025-10-18T12:08:10","slug":"long-cardigan-from-pure-icelandic-wool","status":"publish","type":"product","link":"https:\/\/lopia.is\/en\/product\/long-cardigan-from-pure-icelandic-wool\/","title":{"rendered":"S\u00ed\u00f0 peysa me\u00f0 klass\u00edsku bakmunstri"},"content":{"rendered":"<p>Skemmtileg h\u00f6nnun fr\u00e1 LOPIA, s\u00ed\u00f0 peysa me\u00f0 munstri \u00e1 baki og ne\u00f0st \u00e1 ermum.<\/p>\n<p>Peysan er prj\u00f3nu\u00f0 \u00far einf\u00f6ldum pl\u00f6tulopa a\u00f0 framan, en tv\u00f6f\u00f6ldum \u00e1 baki og ermum.<\/p>\n<p>H\u00e6gt er a\u00f0 velja um a\u00f0 hafa hana tv\u00edhneppta a\u00f0 framan, e\u00f0a me\u00f0 V-h\u00e1lsm\u00e1li.<\/p>\n<p>H\u00e6gt er a\u00f0 velja s\u00eddd peysunnar og au\u00f0vita\u00f0 litasamsetningu.<\/p>\n<p>Ekki hika vi\u00f0 a\u00f0 hafa samband fyrir \u00fe\u00ednar \u00f3skir.<\/p>\n","protected":false},"excerpt":{"rendered":"<p>Skemmtileg h\u00f6nnun fr\u00e1 LOPIA, s\u00ed\u00f0 peysa me\u00f0 munstri \u00e1 baki og ne\u00f0st \u00e1 ermum. Peysan er prj\u00f3nu\u00f0 \u00far einf\u00f6ldum pl\u00f6tulopa [&hellip;]<\/p>\n","protected":false},"featured_media":1608,"comment_status":"open","ping_status":"closed","template":"","meta":{"site-sidebar-layout":"default","site-content-layout":"","ast-site-content-layout":"default","site-content-style":"default","site-sidebar-style":"default","ast-global-header-display":"","ast-banner-title-visibility":"","ast-main-header-display":"","ast-hfb-above-header-display":"","ast-hfb-below-header-display":"","ast-hfb-mobile-header-display":"","site-post-title":"","ast-breadcrumbs-content":"","ast-featured-img":"","footer-sml-layout":"","ast-disable-related-posts":"","theme-transparent-header-meta":"default","adv-header-id-meta":"","stick-header-meta":"","header-above-stick-meta":"","header-main-stick-meta":"","header-below-stick-meta":"","astra-migrate-meta-layouts":"set","ast-page-background-enabled":"default","ast-page-background-meta":{"desktop":{"background-color":"var(--ast-global-color-4)","background-image":"","background-repeat":"repeat","background-position":"center center","background-size":"auto","background-attachment":"scroll","background-type":"","background-media":"","overlay-type":"","overlay-color":"","overlay-opacity":"","overlay-gradient":""},"tablet":{"background-color":"","background-image":"","background-repeat":"repeat","background-position":"center center","background-size":"auto","background-attachment":"scroll","background-type":"","background-media":"","overlay-type":"","overlay-color":"","overlay-opacity":"","overlay-gradient":""},"mobile":{"background-color":"","background-image":"","background-repeat":"repeat","background-position":"center center","background-size":"auto","background-attachment":"scroll","background-type":"","background-media":"","overlay-type":"","overlay-color":"","overlay-opacity":"","overlay-gradient":""}},"ast-content-background-meta":{"desktop":{"background-color":"var(--ast-global-color-5)","background-image":"","background-repeat":"repeat","background-position":"center center","background-size":"auto","background-attachment":"scroll","background-type":"","background-media":"","overlay-type":"","overlay-color":"","overlay-opacity":"","overlay-gradient":""},"tablet":{"background-color":"var(--ast-global-color-5)","background-image":"","background-repeat":"repeat","background-position":"center center","background-size":"auto","background-attachment":"scroll","background-type":"","background-media":"","overlay-type":"","overlay-color":"","overlay-opacity":"","overlay-gradient":""},"mobile":{"background-color":"var(--ast-global-color-5)","background-image":"","background-repeat":"repeat","background-position":"center center","background-size":"auto","background-attachment":"scroll","background-type":"","background-media":"","overlay-type":"","overlay-color":"","overlay-opacity":"","overlay-gradient":""}}},"product_brand":[],"product_cat":[17],"product_tag":[],"class_list":{"0":"post-1552","1":"product","2":"type-product","3":"status-publish","4":"has-post-thumbnail","6":"product_cat-sidar-peysur","7":"desktop-align-center","8":"tablet-align-center","9":"mobile-align-center","10":"ast-product-gallery-layout-horizontal-slider","11":"ast-product-single-variable","12":"ast-product-tabs-layout-distributed","14":"first","15":"instock","16":"taxable","17":"shipping-taxable","18":"purchasable","19":"product-type-variable"},"jetpack_sharing_enabled":true,"jetpack_likes_enabled":true,"_links":{"self":[{"href":"https:\/\/lopia.is\/en\/wp-json\/wp\/v2\/product\/1552","targetHints":{"allow":["GET"]}}],"collection":[{"href":"https:\/\/lopia.is\/en\/wp-json\/wp\/v2\/product"}],"about":[{"href":"https:\/\/lopia.is\/en\/wp-json\/wp\/v2\/types\/product"}],"replies":[{"embeddable":true,"href":"https:\/\/lopia.is\/en\/wp-json\/wp\/v2\/comments?post=1552"}],"wp:featuredmedia":[{"embeddable":true,"href":"https:\/\/lopia.is\/en\/wp-json\/wp\/v2\/media\/1608"}],"wp:attachment":[{"href":"https:\/\/lopia.is\/en\/wp-json\/wp\/v2\/media?parent=1552"}],"wp:term":[{"taxonomy":"product_brand","embeddable":true,"href":"https:\/\/lopia.is\/en\/wp-json\/wp\/v2\/product_brand?post=1552"},{"taxonomy":"product_cat","embeddable":true,"href":"https:\/\/lopia.is\/en\/wp-json\/wp\/v2\/product_cat?post=1552"},{"taxonomy":"product_tag","embeddable":true,"href":"https:\/\/lopia.is\/en\/wp-json\/wp\/v2\/product_tag?post=1552"}],"curies":[{"name":"wp","href":"https:\/\/api.w.org\/{rel}","templated":true}]}}