{"id":2615,"date":"2025-08-06T18:41:36","date_gmt":"2025-08-06T18:41:36","guid":{"rendered":"https:\/\/lopia.is\/customer-reviews\/"},"modified":"2025-08-06T18:46:36","modified_gmt":"2025-08-06T18:46:36","slug":"customer-reviews","status":"publish","type":"page","link":"https:\/\/lopia.is\/en\/customer-reviews\/","title":{"rendered":"Customer Reviews"},"content":{"rendered":"\t\t<div data-elementor-type=\"wp-page\" data-elementor-id=\"2615\" class=\"elementor elementor-2615 elementor-2605\">\n\t\t\t\t<div class=\"elementor-element elementor-element-41619f2 e-flex e-con-boxed e-con e-parent\" data-id=\"41619f2\" data-element_type=\"container\" data-e-type=\"container\">\n\t\t\t\t\t<div class=\"e-con-inner\">\n\t\t\t\t<div class=\"elementor-element elementor-element-b7d7005 elementor-widget elementor-widget-spacer\" data-id=\"b7d7005\" data-element_type=\"widget\" data-e-type=\"widget\" data-widget_type=\"spacer.default\">\n\t\t\t\t<div class=\"elementor-widget-container\">\n\t\t\t\t\t\t\t<div class=\"elementor-spacer\">\n\t\t\t<div class=\"elementor-spacer-inner\"><\/div>\n\t\t<\/div>\n\t\t\t\t\t\t<\/div>\n\t\t\t\t<\/div>\n\t\t\t\t<div class=\"elementor-element elementor-element-26a62b0 elementor-widget elementor-widget-html\" data-id=\"26a62b0\" data-element_type=\"widget\" data-e-type=\"widget\" data-widget_type=\"html.default\">\n\t\t\t\t<div class=\"elementor-widget-container\">\n\t\t\t\t\t<!DOCTYPE html><br><html lang=\"is\">\r\n<head>\r\n    <meta charset=\"UTF-8\">\r\n    <title>Umsagnir vi\u00f0skiptavina \u2013 Lopia<\/title>\r\n    <style>\r\n        body {\r\n            font-family: 'Georgia', serif;\r\n            background-color: #f8f5f2;\r\n            margin: 0;\r\n            padding: 2rem;\r\n        }\r\n        .testimonial-grid {\r\n            display: grid;\r\n            grid-template-columns: repeat(auto-fit, minmax(280px, 1fr));\r\n            gap: 2rem;\r\n        }\r\n        .testimonial-card {\r\n            background: white;\r\n            padding: 1.5rem;\r\n            border-radius: 12px;\r\n            box-shadow: 0 2px 8px rgba(0,0,0,0.08);\r\n        }\r\n        .testimonial-content {\r\n            font-style: italic;\r\n            margin-bottom: 1rem;\r\n        }\r\n        .testimonial-footer {\r\n            font-size: 0.9rem;\r\n            color: #666;\r\n            display: flex;\r\n            justify-content: space-between;\r\n        }\r\n    <\/style>\r\n<\/head>\r\n<body>\r\n    <h4>Umsagnir fr\u00e1 Etsy vi\u00f0skiptavinum<\/h4>\r\n    <div class=\"testimonial-grid\">\r\n        \r\n    <div class=\"testimonial-card\">\r\n        <p class=\"testimonial-content\">\"Wundervoller Pullover und dank der genauen Nachfragen von Jona ma\u00dfgeschneidert perfekt passt!\"<\/p>\r\n        <div class=\"testimonial-footer\">\r\n            <span class=\"testimonial-name\">Mirja<\/span>\r\n            <span class=\"testimonial-date\">June 17, 2025<\/span>\r\n        <\/div>\r\n    <\/div>\r\n    \r\n    <div class=\"testimonial-card\">\r\n        <p class=\"testimonial-content\">\"Seller was very communicative and easy to work with. The sweater turned out even better than I expected, and fits beautifully! Can't wait for the weather to cool off again so I can put it to good use!\"<\/p>\r\n        <div class=\"testimonial-footer\">\r\n            <span class=\"testimonial-name\">Erin<\/span>\r\n            <span class=\"testimonial-date\">June 12, 2025<\/span>\r\n        <\/div>\r\n    <\/div>\r\n    \r\n    <div class=\"testimonial-card\">\r\n        <p class=\"testimonial-content\">\"I absolutely love my custom made lopepaysa sweater!  It is gorgeous and fits perfectly!  Communication was excellent and the item arrived on time.  I was nervous about not being able to find the type of handmade lopepaysa I wanted on an upcoming trip to Iceland, and I'm over the moon to have found LOPIA to hand knit one just for me!\"<\/p>\r\n        <div class=\"testimonial-footer\">\r\n            <span class=\"testimonial-name\">mom2angel<\/span>\r\n            <span class=\"testimonial-date\">May 29, 2025<\/span>\r\n        <\/div>\r\n    <\/div>\r\n    \r\n    <div class=\"testimonial-card\">\r\n        <p class=\"testimonial-content\">\"Absolutely a superb experience working with J\u00f3na on this custom pattern, native wool sweater.  The workmanship is outstanding.  She is a great communicator, and I look forward to working with her again.  Highly recommended.\"<\/p>\r\n        <div class=\"testimonial-footer\">\r\n            <span class=\"testimonial-name\">Rollie<\/span>\r\n            <span class=\"testimonial-date\">April 26, 2025<\/span>\r\n        <\/div>\r\n    <\/div>\r\n    \r\n    <div class=\"testimonial-card\">\r\n        <p class=\"testimonial-content\">\"Die Deutsche Post hatte mich nicht benachrichtigt, so ging der Pulli zur\u00fcck und wurde nochmal zugeschickt. Wie gewohnt Spitzenqualit\u00e4t.\r\nVielen Dank !!!!\"<\/p>\r\n        <div class=\"testimonial-footer\">\r\n            <span class=\"testimonial-name\">Armin<\/span>\r\n            <span class=\"testimonial-date\">April 22, 2025<\/span>\r\n        <\/div>\r\n    <\/div>\r\n    \r\n    <div class=\"testimonial-card\">\r\n        <p class=\"testimonial-content\">\"I can\u2019t even describe in accurate words how amazing the sweater is. I got to wear it for my Icelandic wedding and it was warm (even when facing the winds at Reynisfjara and waterfall spray!). I received countless compliments on it. And I felt beautiful in it! THANK YOU!\"<\/p>\r\n        <div class=\"testimonial-footer\">\r\n            <span class=\"testimonial-name\">Shauna<\/span>\r\n            <span class=\"testimonial-date\">March 18, 2025<\/span>\r\n        <\/div>\r\n    <\/div>\r\n    \r\n    <div class=\"testimonial-card\">\r\n        <p class=\"testimonial-content\">\"This is stunning. Very well made. The wool is just the right amount of warmth, too. Will definitely order more.\"<\/p>\r\n        <div class=\"testimonial-footer\">\r\n            <span class=\"testimonial-name\">Maya<\/span>\r\n            <span class=\"testimonial-date\">March 15, 2025<\/span>\r\n        <\/div>\r\n    <\/div>\r\n    \r\n    <div class=\"testimonial-card\">\r\n        <p class=\"testimonial-content\">\"Gorgeous custom wool sweater with colors I picked out. It\u2019s perfect!!! Love it!! And had fun picking it up in Iceland. Thanks!\"<\/p>\r\n        <div class=\"testimonial-footer\">\r\n            <span class=\"testimonial-name\">Rain<\/span>\r\n            <span class=\"testimonial-date\">March 15, 2025<\/span>\r\n        <\/div>\r\n    <\/div>\r\n    \r\n    <div class=\"testimonial-card\">\r\n        <p class=\"testimonial-content\">\"Ein sehr sch\u00f6ner Pulli, der hoffentlich ganz lange lebt! Kuschelweich und neues Lieblingsst\u00fcck f\u00fcr kalte Tage! Danke!\"<\/p>\r\n        <div class=\"testimonial-footer\">\r\n            <span class=\"testimonial-name\">Susann<\/span>\r\n            <span class=\"testimonial-date\">March 02, 2025<\/span>\r\n        <\/div>\r\n    <\/div>\r\n    \r\n    <div class=\"testimonial-card\">\r\n        <p class=\"testimonial-content\">\"Me ha llegado por fin! Es muy bonito. Los colores los que quer\u00eda y con cremallera. Se nota la lana pura. Ahora solo tengo que probarlo en el exterior para ver si me abriga bien. Encantada con la chaqueta \ud83d\ude09\"<\/p>\r\n        <div class=\"testimonial-footer\">\r\n            <span class=\"testimonial-name\">Vicha Woods<\/span>\r\n            <span class=\"testimonial-date\">February 28, 2025<\/span>\r\n        <\/div>\r\n    <\/div>\r\n    \r\n    <div class=\"testimonial-card\">\r\n        <p class=\"testimonial-content\">\"Wonderful hand crafted item that exceded expectations\"<\/p>\r\n        <div class=\"testimonial-footer\">\r\n            <span class=\"testimonial-name\">All Night<\/span>\r\n            <span class=\"testimonial-date\">February 11, 2025<\/span>\r\n        <\/div>\r\n    <\/div>\r\n    \r\n    <div class=\"testimonial-card\">\r\n        <p class=\"testimonial-content\">\"Passgenau Massgeschneidert, weich flauschig, gut gemacht...\r\nIch bin gespannt wie robust das feine Material sein wird...!?\r\nIst auch sch\u00f6n warm:\r\nBei 4 C\u00b0 im Wald ohne Wind mittlere Luftfeuchtigkeit, mit Merino Unterw\u00e4sche (bei mir) keine Jacke Notwendig.\"<\/p>\r\n        <div class=\"testimonial-footer\">\r\n            <span class=\"testimonial-name\">Jim<\/span>\r\n            <span class=\"testimonial-date\">February 08, 2025<\/span>\r\n        <\/div>\r\n    <\/div>\r\n    \r\n    <div class=\"testimonial-card\">\r\n        <p class=\"testimonial-content\">\"Absolutely beautiful sweater! Very well made and fits perfectly.\"<\/p>\r\n        <div class=\"testimonial-footer\">\r\n            <span class=\"testimonial-name\">Megan<\/span>\r\n            <span class=\"testimonial-date\">February 03, 2025<\/span>\r\n        <\/div>\r\n    <\/div>\r\n    \r\n    <div class=\"testimonial-card\">\r\n        <p class=\"testimonial-content\">\"Ich bin total happy mit meinem Island Pullover von Jona. Ich liebe ihn. Er sieht genauso aus wie auf dem Etsy Bild. Es ist ein blauer Pullover mit rot\/wei\u00df\/blauem Muster. Wundersch\u00f6n, ein Hingucker und super angenehm zu tragen. Der Pullover ist leichter als mein erster Island Pullover, d.h. der Pullover kommt mit ins Reisegep\u00e4ck nach Griechenland f\u00fcr k\u00fchle Abende ;)\"<\/p>\r\n        <div class=\"testimonial-footer\">\r\n            <span class=\"testimonial-name\">Silke Eyerkaufer<\/span>\r\n            <span class=\"testimonial-date\">January 30, 2025<\/span>\r\n        <\/div>\r\n    <\/div>\r\n    \r\n    <div class=\"testimonial-card\">\r\n        <p class=\"testimonial-content\">\"This sweater is made with tender loving care and it is thankfully warm! I conversed with the maker quite a bit and she is very attentive to any questions and concerns. I love this sweater and I highly recommend it.\"<\/p>\r\n        <div class=\"testimonial-footer\">\r\n            <span class=\"testimonial-name\">Achtung Panzer<\/span>\r\n            <span class=\"testimonial-date\">January 24, 2025<\/span>\r\n        <\/div>\r\n    <\/div>\r\n    \r\n    <div class=\"testimonial-card\">\r\n        <p class=\"testimonial-content\">\"Wundersch\u00f6ner Pullover, \r\nsehr gute Passform und gut gearbeitet.\"<\/p>\r\n        <div class=\"testimonial-footer\">\r\n            <span class=\"testimonial-name\">Lutz<\/span>\r\n            <span class=\"testimonial-date\">January 16, 2025<\/span>\r\n        <\/div>\r\n    <\/div>\r\n    \r\n    <div class=\"testimonial-card\">\r\n        <p class=\"testimonial-content\">\"Can't recommend these sweaters enough. Absolutely stunning. Keeps you so warm.\"<\/p>\r\n        <div class=\"testimonial-footer\">\r\n            <span class=\"testimonial-name\">Christina<\/span>\r\n            <span class=\"testimonial-date\">January 12, 2025<\/span>\r\n        <\/div>\r\n    <\/div>\r\n    \r\n    <div class=\"testimonial-card\">\r\n        <p class=\"testimonial-content\">\"This is my first Lopapeysa. I think I'll be able to spend the rest of the winter warmly\"<\/p>\r\n        <div class=\"testimonial-footer\">\r\n            <span class=\"testimonial-name\">Sangin<\/span>\r\n            <span class=\"testimonial-date\">January 09, 2025<\/span>\r\n        <\/div>\r\n    <\/div>\r\n    \r\n    <div class=\"testimonial-card\">\r\n        <p class=\"testimonial-content\">\"Wundersch\u00f6ner Pullover passgenau und sehr sch\u00f6n gearbeitet\"<\/p>\r\n        <div class=\"testimonial-footer\">\r\n            <span class=\"testimonial-name\">Nadine<\/span>\r\n            <span class=\"testimonial-date\">December 21, 2024<\/span>\r\n        <\/div>\r\n    <\/div>\r\n    \r\n    <div class=\"testimonial-card\">\r\n        <p class=\"testimonial-content\">\"I love my custom made sweater! It's so warm and comfortable, exactly how I wanted it. Mine has a zipper, works really well.\"<\/p>\r\n        <div class=\"testimonial-footer\">\r\n            <span class=\"testimonial-name\">lampe<\/span>\r\n            <span class=\"testimonial-date\">December 13, 2024<\/span>\r\n        <\/div>\r\n    <\/div>\r\n    \r\n    <\/div>\r\n<\/body>\r\n<\/html><br>\t\t\t\t<\/div>\n\t\t\t\t<\/div>\n\t\t\t\t<div class=\"elementor-element elementor-element-191ede5 elementor-widget elementor-widget-spacer\" data-id=\"191ede5\" data-element_type=\"widget\" data-e-type=\"widget\" data-widget_type=\"spacer.default\">\n\t\t\t\t<div class=\"elementor-widget-container\">\n\t\t\t\t\t\t\t<div class=\"elementor-spacer\">\n\t\t\t<div class=\"elementor-spacer-inner\"><\/div>\n\t\t<\/div>\n\t\t\t\t\t\t<\/div>\n\t\t\t\t<\/div>\n\t\t\t\t\t<\/div>\n\t\t\t\t<\/div>\n\t\t\t\t<\/div>\n\t\t","protected":false},"excerpt":{"rendered":"<p>Umsagnir vi\u00f0skiptavina \u2013 Lopia Umsagnir fr\u00e1 Etsy vi\u00f0skiptavinum &#8220;Wundervoller Pullover und dank der genauen Nachfragen von Jona ma\u00dfgeschneidert perfekt passt!&#8221; [&hellip;]<\/p>\n","protected":false},"author":2,"featured_media":0,"parent":0,"menu_order":0,"comment_status":"closed","ping_status":"closed","template":"","meta":{"site-sidebar-layout":"no-sidebar","site-content-layout":"","ast-site-content-layout":"full-width-container","site-content-style":"default","site-sidebar-style":"default","ast-global-header-display":"","ast-banner-title-visibility":"","ast-main-header-display":"","ast-hfb-above-header-display":"","ast-hfb-below-header-display":"","ast-hfb-mobile-header-display":"","site-post-title":"disabled","ast-breadcrumbs-content":"","ast-featured-img":"disabled","footer-sml-layout":"","ast-disable-related-posts":"","theme-transparent-header-meta":"","adv-header-id-meta":"","stick-header-meta":"","header-above-stick-meta":"","header-main-stick-meta":"","header-below-stick-meta":"","astra-migrate-meta-layouts":"default","ast-page-background-enabled":"default","ast-page-background-meta":{"desktop":{"background-color":"var(--ast-global-color-4)","background-image":"","background-repeat":"repeat","background-position":"center center","background-size":"auto","background-attachment":"scroll","background-type":"","background-media":"","overlay-type":"","overlay-color":"","overlay-opacity":"","overlay-gradient":""},"tablet":{"background-color":"","background-image":"","background-repeat":"repeat","background-position":"center center","background-size":"auto","background-attachment":"scroll","background-type":"","background-media":"","overlay-type":"","overlay-color":"","overlay-opacity":"","overlay-gradient":""},"mobile":{"background-color":"","background-image":"","background-repeat":"repeat","background-position":"center center","background-size":"auto","background-attachment":"scroll","background-type":"","background-media":"","overlay-type":"","overlay-color":"","overlay-opacity":"","overlay-gradient":""}},"ast-content-background-meta":{"desktop":{"background-color":"var(--ast-global-color-5)","background-image":"","background-repeat":"repeat","background-position":"center center","background-size":"auto","background-attachment":"scroll","background-type":"","background-media":"","overlay-type":"","overlay-color":"","overlay-opacity":"","overlay-gradient":""},"tablet":{"background-color":"var(--ast-global-color-5)","background-image":"","background-repeat":"repeat","background-position":"center center","background-size":"auto","background-attachment":"scroll","background-type":"","background-media":"","overlay-type":"","overlay-color":"","overlay-opacity":"","overlay-gradient":""},"mobile":{"background-color":"var(--ast-global-color-5)","background-image":"","background-repeat":"repeat","background-position":"center center","background-size":"auto","background-attachment":"scroll","background-type":"","background-media":"","overlay-type":"","overlay-color":"","overlay-opacity":"","overlay-gradient":""}},"footnotes":""},"class_list":["post-2615","page","type-page","status-publish","hentry"],"jetpack_sharing_enabled":true,"jetpack_likes_enabled":true,"_links":{"self":[{"href":"https:\/\/lopia.is\/en\/wp-json\/wp\/v2\/pages\/2615","targetHints":{"allow":["GET"]}}],"collection":[{"href":"https:\/\/lopia.is\/en\/wp-json\/wp\/v2\/pages"}],"about":[{"href":"https:\/\/lopia.is\/en\/wp-json\/wp\/v2\/types\/page"}],"author":[{"embeddable":true,"href":"https:\/\/lopia.is\/en\/wp-json\/wp\/v2\/users\/2"}],"replies":[{"embeddable":true,"href":"https:\/\/lopia.is\/en\/wp-json\/wp\/v2\/comments?post=2615"}],"version-history":[{"count":1,"href":"https:\/\/lopia.is\/en\/wp-json\/wp\/v2\/pages\/2615\/revisions"}],"predecessor-version":[{"id":2616,"href":"https:\/\/lopia.is\/en\/wp-json\/wp\/v2\/pages\/2615\/revisions\/2616"}],"wp:attachment":[{"href":"https:\/\/lopia.is\/en\/wp-json\/wp\/v2\/media?parent=2615"}],"curies":[{"name":"wp","href":"https:\/\/api.w.org\/{rel}","templated":true}]}}