{"id":2541,"date":"2025-07-25T14:41:32","date_gmt":"2025-07-25T14:41:32","guid":{"rendered":"https:\/\/lopia.is\/sizes-and-colors\/"},"modified":"2025-08-20T17:17:07","modified_gmt":"2025-08-20T17:17:07","slug":"sizes-and-colors","status":"publish","type":"page","link":"https:\/\/lopia.is\/en\/sizes-and-colors\/","title":{"rendered":"Sizes and colors"},"content":{"rendered":"\t\t<div data-elementor-type=\"wp-page\" data-elementor-id=\"2541\" class=\"elementor elementor-2541 elementor-2349\">\n\t\t\t\t<div class=\"elementor-element elementor-element-650f319b e-flex e-con-boxed e-con e-parent\" data-id=\"650f319b\" data-element_type=\"container\" data-e-type=\"container\">\n\t\t\t\t\t<div class=\"e-con-inner\">\n\t\t<div class=\"elementor-element elementor-element-5e35052c e-con-full e-flex e-con e-child\" data-id=\"5e35052c\" data-element_type=\"container\" data-e-type=\"container\">\n\t\t\t\t<div class=\"elementor-element elementor-element-347889cb elementor-widget elementor-widget-heading\" data-id=\"347889cb\" data-element_type=\"widget\" data-e-type=\"widget\" data-widget_type=\"heading.default\">\n\t\t\t\t<div class=\"elementor-widget-container\">\n\t\t\t\t\t<h4 class=\"elementor-heading-title elementor-size-default\">Size charts and available colors<\/h4>\t\t\t\t<\/div>\n\t\t\t\t<\/div>\n\t\t\t\t<\/div>\n\t\t\t\t\t<\/div>\n\t\t\t\t<\/div>\n\t\t<div class=\"elementor-element elementor-element-817dacb e-grid e-con-boxed e-con e-parent\" data-id=\"817dacb\" data-element_type=\"container\" data-e-type=\"container\">\n\t\t\t\t\t<div class=\"e-con-inner\">\n\t\t\t\t<div class=\"elementor-element elementor-element-f4dde95 elementor-widget elementor-widget-html\" data-id=\"f4dde95\" data-element_type=\"widget\" data-e-type=\"widget\" data-widget_type=\"html.default\">\n\t\t\t\t<div class=\"elementor-widget-container\">\n\t\t\t\t\t<!-- LONGER SWEATERS --><br><table class=\"size-table\">\r\n  <caption><strong>Longer sweaters<\/strong><\/caption>\r\n  <thead>\r\n    <tr>\r\n      <th>Size<\/th>\r\n      <th>Bust (cm \/ inches)<\/th>\r\n      <th>Hip (cm \/ inches)<\/th>\r\n      <th>Length from shoulder (cm \/ inches)<\/th>\r\n    <\/tr>\r\n  <\/thead>\r\n  <tbody>\r\n    <tr><td>S<\/td><td>88\u201396 \/ 35\u201338<\/td><td>90\u201398 \/ 36\u201339<\/td><td>74 \/ 29<\/td><\/tr>\r\n    <tr><td>M<\/td><td>98\u2013104 \/ 39\u201341<\/td><td>100\u2013110 \/ 39\u201343<\/td><td>78 \/ 31<\/td><\/tr>\r\n    <tr><td>L<\/td><td>105\u2013111 \/ 42\u201344<\/td><td>110\u2013116 \/ 43\u201345<\/td><td>80 \/ 32<\/td><\/tr>\r\n    <tr><td>XL<\/td><td>112\u2013119 \/ 45\u201347<\/td><td>117\u2013125 \/ 46\u201349<\/td><td>84 \/ 34<\/td><\/tr>\r\n    <tr>\r\n      <td><strong>Custom size<\/strong><\/td>\r\n      <td colspan=\"3\">You can also request a sweater in a custom size \u2013 please contact us for special orders.<\/td>\r\n    <\/tr>\r\n  <\/tbody>\r\n<\/table><br><br><br><br><br><!-- SHORTER SWEATERS --><br><table class=\"size-table\">\r\n  <caption><strong>Shorter sweaters<\/strong><\/caption>\r\n  <thead>\r\n    <tr>\r\n      <th>Size<\/th>\r\n      <th>Bust (cm \/ inches)<\/th>\r\n      <th>Length from shoulder (cm \/ inches)<\/th>\r\n    <\/tr>\r\n  <\/thead>\r\n  <tbody>\r\n    <tr><td>S<\/td><td>88\u201396 \/ 35\u201338<\/td><td>60 \/ 23.5<\/td><\/tr>\r\n    <tr><td>M<\/td><td>99\u2013104 \/ 39\u201341<\/td><td>63 \/ 25<\/td><\/tr>\r\n    <tr><td>L<\/td><td>105\u2013111 \/ 42\u201344<\/td><td>65 \/ 26<\/td><\/tr>\r\n    <tr><td>XL<\/td><td>114\u2013119 \/ 45\u201347<\/td><td>69 \/ 27<\/td><\/tr>\r\n    <tr>\r\n      <td><strong>Custom size<\/strong><\/td>\r\n      <td colspan=\"2\">You can also request a sweater in a custom size \u2013 please contact us for special orders.<\/td>\r\n    <\/tr>\r\n  <\/tbody>\r\n<\/table><br><br><br><!-- ==================== STYLE ==================== --><br><style>\r\n.size-table {\r\n  width: 100%;\r\n  border-collapse: collapse;\r\n  margin-bottom: 1.5rem;\r\n  color: #000; \/* svart letur *\/\r\n  font-size: 15px;\r\n}\r\n.size-table caption {\r\n  caption-side: top;\r\n  text-align: left;\r\n  font-weight: 700;\r\n  color: #6b5b4b; \/* gr\u00e1-br\u00fann litur \u00ed titil *\/\r\n  margin-bottom: .25rem;\r\n  font-size: 16px;\r\n}\r\n.size-table th,\r\n.size-table td {\r\n  border: 1px solid #ccc;\r\n  padding: 0.6rem;\r\n  text-align: center;\r\n}\r\n.size-table th {\r\n  background: #f5f3f0; \/* lj\u00f3s gr\u00e1-br\u00fann bakgrunnur \u00ed haus *\/\r\n  color: #000;\r\n}\r\n.size-table td[colspan] {\r\n  text-align: left;\r\n  font-style: italic;\r\n}\r\n<\/style>\t\t\t\t<\/div>\n\t\t\t\t<\/div>\n\t\t\t\t<div class=\"elementor-element elementor-element-f5d1c54 elementor-widget elementor-widget-spacer\" data-id=\"f5d1c54\" data-element_type=\"widget\" data-e-type=\"widget\" data-widget_type=\"spacer.default\">\n\t\t\t\t<div class=\"elementor-widget-container\">\n\t\t\t\t\t\t\t<div class=\"elementor-spacer\">\n\t\t\t<div class=\"elementor-spacer-inner\"><\/div>\n\t\t<\/div>\n\t\t\t\t\t\t<\/div>\n\t\t\t\t<\/div>\n\t\t\t\t<div class=\"elementor-element elementor-element-f545b35 elementor-widget elementor-widget-html\" data-id=\"f545b35\" data-element_type=\"widget\" data-e-type=\"widget\" data-widget_type=\"html.default\">\n\t\t\t\t<div class=\"elementor-widget-container\">\n\t\t\t\t\t<!DOCTYPE html><br><br><html lang=\"en\">\r\n<head>\r\n<meta charset=\"utf-8\"\/>\r\n<title>Pl\u00f6tulopi \u2013 Correct Names and Equal Boxes<\/title>\r\n<style>\r\n        body {\r\n            font-family: Arial, sans-serif;\r\n            background: #fff;\r\n            padding: 2rem;\r\n        }\r\n        .lopi-grid {\r\n            display: grid;\r\n            grid-template-columns: repeat(5, 1fr);\r\n            gap: 2rem;\r\n            justify-items: center;\r\n        }\r\n        .lopi-color {\r\n            width: 160px;\r\n            height: 220px;\r\n            background: white;\r\n            padding: 1rem;\r\n            border-radius: 16px;\r\n            box-shadow: 0 2px 6px rgba(0,0,0,0.08);\r\n            display: flex;\r\n            flex-direction: column;\r\n            align-items: center;\r\n            justify-content: space-between;\r\n            text-align: center;\r\n        }\r\n        .lopi-color a {\r\n            display: block;\r\n        }\r\n        .lopi-color img {\r\n            width: 100%;\r\n            height: 120px;\r\n            object-fit: contain;\r\n            border: 1px solid #ccc;\r\n            border-radius: 8px;\r\n            background: white;\r\n            padding: 4px;\r\n            transition: transform 0.2s ease;\r\n        }\r\n        .lopi-color img:hover {\r\n            transform: scale(1.15);\r\n        }\r\n        .lopi-name {\r\n            font-weight: bold;\r\n            color: #222;\r\n        }\r\n        .lopi-code {\r\n            font-size: 0.9rem;\r\n            color: #444;\r\n        }\r\n    <\/style>\r\n<\/head>\r\n<body>\r\n<div class=\"lopi-grid\"><div class=\"lopi-color\">\r\n<a href=\"http:\/\/lopia.is\/wp-content\/uploads\/2025\/07\/0001-2-scaled-1.jpg\" target=\"_blank\">\r\n<img decoding=\"async\" alt=\"White\" src=\"http:\/\/lopia.is\/wp-content\/uploads\/2025\/07\/0001-2-scaled-1.jpg\"\/>\r\n<\/a>\r\n<div class=\"lopi-name\">White<\/div>\r\n<div class=\"lopi-code\">0001<\/div>\r\n<\/div><div class=\"lopi-color\">\r\n<a href=\"http:\/\/lopia.is\/wp-content\/uploads\/2025\/07\/1026-1.jpg\" target=\"_blank\">\r\n<img decoding=\"async\" alt=\"Light Ash\" src=\"http:\/\/lopia.is\/wp-content\/uploads\/2025\/07\/1026-1.jpg\"\/>\r\n<\/a>\r\n<div class=\"lopi-name\">Light Ash<\/div>\r\n<div class=\"lopi-code\">1026<\/div>\r\n<\/div><div class=\"lopi-color\">\r\n<a href=\"http:\/\/lopia.is\/wp-content\/uploads\/2025\/07\/1027-1.jpg\" target=\"_blank\">\r\n<img decoding=\"async\" alt=\"Light Grey\" src=\"http:\/\/lopia.is\/wp-content\/uploads\/2025\/07\/1027-1.jpg\"\/>\r\n<\/a>\r\n<div class=\"lopi-name\">Light Grey<\/div>\r\n<div class=\"lopi-code\">1027<\/div>\r\n<\/div><div class=\"lopi-color\">\r\n<a href=\"http:\/\/lopia.is\/wp-content\/uploads\/2025\/07\/9102-1.jpg\" target=\"_blank\">\r\n<img decoding=\"async\" alt=\"Grey\" src=\"http:\/\/lopia.is\/wp-content\/uploads\/2025\/07\/9102-1.jpg\"\/>\r\n<\/a>\r\n<div class=\"lopi-name\">Grey<\/div>\r\n<div class=\"lopi-code\">9102<\/div>\r\n<\/div><div class=\"lopi-color\">\r\n<a href=\"http:\/\/lopia.is\/wp-content\/uploads\/2025\/07\/9103.jpg\" target=\"_blank\">\r\n<img decoding=\"async\" alt=\"Dark Grey\" src=\"http:\/\/lopia.is\/wp-content\/uploads\/2025\/07\/9103.jpg\"\/>\r\n<\/a>\r\n<div class=\"lopi-name\">Dark Grey<\/div>\r\n<div class=\"lopi-code\">9103<\/div>\r\n<\/div><div class=\"lopi-color\">\r\n<a href=\"http:\/\/lopia.is\/wp-content\/uploads\/2025\/07\/0005-3-1.jpg\" target=\"_blank\">\r\n<img decoding=\"async\" alt=\"Sheep Black\" src=\"http:\/\/lopia.is\/wp-content\/uploads\/2025\/07\/0005-3-1.jpg\"\/>\r\n<\/a>\r\n<div class=\"lopi-name\">Sheep Black<\/div>\r\n<div class=\"lopi-code\">0005<\/div>\r\n<\/div><div class=\"lopi-color\">\r\n<a href=\"http:\/\/lopia.is\/wp-content\/uploads\/2025\/07\/0059-4-1.jpg\" target=\"_blank\">\r\n<img decoding=\"async\" alt=\"Black\" src=\"http:\/\/lopia.is\/wp-content\/uploads\/2025\/07\/0059-4-1.jpg\"\/>\r\n<\/a>\r\n<div class=\"lopi-name\">Black<\/div>\r\n<div class=\"lopi-code\">0059<\/div>\r\n<\/div><div class=\"lopi-color\">\r\n<a href=\"http:\/\/lopia.is\/wp-content\/uploads\/2025\/07\/1038-scaled-1.jpg\" target=\"_blank\">\r\n<img decoding=\"async\" alt=\"Beige\" src=\"http:\/\/lopia.is\/wp-content\/uploads\/2025\/07\/1038-scaled-1.jpg\"\/>\r\n<\/a>\r\n<div class=\"lopi-name\">Beige<\/div>\r\n<div class=\"lopi-code\">1038<\/div>\r\n<\/div><div class=\"lopi-color\">\r\n<a href=\"http:\/\/lopia.is\/wp-content\/uploads\/2025\/07\/0003-1.jpg\" target=\"_blank\">\r\n<img decoding=\"async\" alt=\"Light Light Brown\" src=\"http:\/\/lopia.is\/wp-content\/uploads\/2025\/07\/0003-1.jpg\"\/>\r\n<\/a>\r\n<div class=\"lopi-name\">Light Light Brown<\/div>\r\n<div class=\"lopi-code\">0003<\/div>\r\n<\/div><div class=\"lopi-color\">\r\n<a href=\"http:\/\/lopia.is\/wp-content\/uploads\/2025\/07\/0003-1.jpg\" target=\"_blank\">\r\n<img decoding=\"async\" alt=\"Light Brown\" src=\"http:\/\/lopia.is\/wp-content\/uploads\/2025\/07\/0003-1.jpg\"\/>\r\n<\/a>\r\n<div class=\"lopi-name\">Light Brown<\/div>\r\n<div class=\"lopi-code\">1030<\/div>\r\n<\/div><!-- Missing: m\u00f3rau\u00f0ur 0009 --><div class=\"lopi-color\">\r\n<a href=\"http:\/\/lopia.is\/wp-content\/uploads\/2025\/07\/1032.jpg\" target=\"_blank\">\r\n<img decoding=\"async\" alt=\"Dark Brown\" src=\"http:\/\/lopia.is\/wp-content\/uploads\/2025\/07\/1032.jpg\"\/>\r\n<\/a>\r\n<div class=\"lopi-name\">Dark Brown<\/div>\r\n<div class=\"lopi-code\">1032<\/div>\r\n<\/div><div class=\"lopi-color\">\r\n<a href=\"http:\/\/lopia.is\/wp-content\/uploads\/2025\/07\/1033.jpg\" target=\"_blank\">\r\n<img decoding=\"async\" alt=\"Black Sheep\" src=\"http:\/\/lopia.is\/wp-content\/uploads\/2025\/07\/1033.jpg\"\/>\r\n<\/a>\r\n<div class=\"lopi-name\">Black Sheep<\/div>\r\n<div class=\"lopi-code\">1033<\/div>\r\n<\/div><div class=\"lopi-color\">\r\n<a href=\"http:\/\/lopia.is\/wp-content\/uploads\/2025\/07\/2011-2020.jpg\" target=\"_blank\">\r\n<img decoding=\"async\" alt=\"Dark Forest\" src=\"http:\/\/lopia.is\/wp-content\/uploads\/2025\/07\/2011-2020.jpg\"\/>\r\n<\/a>\r\n<div class=\"lopi-name\">Dark Forest<\/div>\r\n<div class=\"lopi-code\">2020<\/div>\r\n<\/div><div class=\"lopi-color\">\r\n<a href=\"http:\/\/lopia.is\/wp-content\/uploads\/2025\/07\/1420-2.jpg\" target=\"_blank\">\r\n<img decoding=\"async\" alt=\"Brown Moss Green\" src=\"http:\/\/lopia.is\/wp-content\/uploads\/2025\/07\/1420-2.jpg\"\/>\r\n<\/a>\r\n<div class=\"lopi-name\">Brown Moss Green<\/div>\r\n<div class=\"lopi-code\">1420<\/div>\r\n<\/div><div class=\"lopi-color\">\r\n<a href=\"http:\/\/lopia.is\/wp-content\/uploads\/2025\/07\/2011-2021.jpg\" target=\"_blank\">\r\n<img decoding=\"async\" alt=\"Frosty Green\" src=\"http:\/\/lopia.is\/wp-content\/uploads\/2025\/07\/2011-2021.jpg\"\/>\r\n<\/a>\r\n<div class=\"lopi-name\">Frosty Green<\/div>\r\n<div class=\"lopi-code\">2021<\/div>\r\n<\/div><div class=\"lopi-color\">\r\n<a href=\"http:\/\/lopia.is\/wp-content\/uploads\/2025\/07\/1421-1.jpg\" target=\"_blank\">\r\n<img decoding=\"async\" alt=\"Forest Green\" src=\"http:\/\/lopia.is\/wp-content\/uploads\/2025\/07\/1421-1.jpg\"\/>\r\n<\/a>\r\n<div class=\"lopi-name\">Forest Green<\/div>\r\n<div class=\"lopi-code\">1421<\/div>\r\n<\/div><div class=\"lopi-color\">\r\n<a href=\"http:\/\/lopia.is\/wp-content\/uploads\/2025\/07\/0484-1.jpg\" target=\"_blank\">\r\n<img decoding=\"async\" alt=\"Dark Green\" src=\"http:\/\/lopia.is\/wp-content\/uploads\/2025\/07\/0484-1.jpg\"\/>\r\n<\/a>\r\n<div class=\"lopi-name\">Dark Green<\/div>\r\n<div class=\"lopi-code\">0484<\/div>\r\n<\/div><div class=\"lopi-color\">\r\n<a href=\"http:\/\/lopia.is\/wp-content\/uploads\/2025\/07\/1423-1.jpg\" target=\"_blank\">\r\n<img decoding=\"async\" alt=\"Light Green\" src=\"http:\/\/lopia.is\/wp-content\/uploads\/2025\/07\/1423-1.jpg\"\/>\r\n<\/a>\r\n<div class=\"lopi-name\">Light Green<\/div>\r\n<div class=\"lopi-code\">1423<\/div>\r\n<\/div><div class=\"lopi-color\">\r\n<a href=\"http:\/\/lopia.is\/wp-content\/uploads\/2025\/07\/2011-2025.jpg\" target=\"_blank\">\r\n<img decoding=\"async\" alt=\"Turquoise\" src=\"http:\/\/lopia.is\/wp-content\/uploads\/2025\/07\/2011-2025.jpg\"\/>\r\n<\/a>\r\n<div class=\"lopi-name\">Turquoise<\/div>\r\n<div class=\"lopi-code\">2025<\/div>\r\n<\/div><div class=\"lopi-color\">\r\n<a href=\"http:\/\/lopia.is\/wp-content\/uploads\/2025\/07\/2011-2023.jpg\" target=\"_blank\">\r\n<img decoding=\"async\" alt=\"Light Denim Blue\" src=\"http:\/\/lopia.is\/wp-content\/uploads\/2025\/07\/2011-2023.jpg\"\/>\r\n<\/a>\r\n<div class=\"lopi-name\">Light Denim Blue<\/div>\r\n<div class=\"lopi-code\">2023<\/div>\r\n<\/div><div class=\"lopi-color\">\r\n<a href=\"http:\/\/lopia.is\/wp-content\/uploads\/2025\/07\/1431.jpg\" target=\"_blank\">\r\n<img decoding=\"async\" alt=\"Blue\" src=\"http:\/\/lopia.is\/wp-content\/uploads\/2025\/07\/1431.jpg\"\/>\r\n<\/a>\r\n<div class=\"lopi-name\">Blue<\/div>\r\n<div class=\"lopi-code\">1431<\/div>\r\n<\/div><div class=\"lopi-color\">\r\n<a href=\"http:\/\/lopia.is\/wp-content\/uploads\/2025\/07\/2011-2022.jpg\" target=\"_blank\">\r\n<img decoding=\"async\" alt=\"Denim Blue\" src=\"http:\/\/lopia.is\/wp-content\/uploads\/2025\/07\/2011-2022.jpg\"\/>\r\n<\/a>\r\n<div class=\"lopi-name\">Denim Blue<\/div>\r\n<div class=\"lopi-code\">2022<\/div>\r\n<\/div><div class=\"lopi-color\">\r\n<a href=\"http:\/\/lopia.is\/wp-content\/uploads\/2025\/07\/9448-Plotulopi.jpg\" target=\"_blank\">\r\n<img decoding=\"async\" alt=\"Royal Blue\" src=\"http:\/\/lopia.is\/wp-content\/uploads\/2025\/07\/9448-Plotulopi.jpg\"\/>\r\n<\/a>\r\n<div class=\"lopi-name\">Royal Blue<\/div>\r\n<div class=\"lopi-code\">9448<\/div>\r\n<\/div><div class=\"lopi-color\">\r\n<a href=\"http:\/\/lopia.is\/wp-content\/uploads\/2025\/07\/0118-3-1.jpg\" target=\"_blank\">\r\n<img decoding=\"async\" alt=\"Dark Blue\" src=\"http:\/\/lopia.is\/wp-content\/uploads\/2025\/07\/0118-3-1.jpg\"\/>\r\n<\/a>\r\n<div class=\"lopi-name\">Dark Blue<\/div>\r\n<div class=\"lopi-code\">0118<\/div>\r\n<\/div><div class=\"lopi-color\">\r\n<a href=\"http:\/\/lopia.is\/wp-content\/uploads\/2025\/07\/1432-1.jpg\" target=\"_blank\">\r\n<img decoding=\"async\" alt=\"Dark Blue Heather\" src=\"http:\/\/lopia.is\/wp-content\/uploads\/2025\/07\/1432-1.jpg\"\/>\r\n<\/a>\r\n<div class=\"lopi-name\">Dark Blue Heather<\/div>\r\n<div class=\"lopi-code\">1432<\/div>\r\n<\/div><div class=\"lopi-color\">\r\n<a href=\"http:\/\/lopia.is\/wp-content\/uploads\/2025\/07\/0709-2.jpg\" target=\"_blank\">\r\n<img decoding=\"async\" alt=\"Black Blue\" src=\"http:\/\/lopia.is\/wp-content\/uploads\/2025\/07\/0709-2.jpg\"\/>\r\n<\/a>\r\n<div class=\"lopi-name\">Black Blue<\/div>\r\n<div class=\"lopi-code\">0709<\/div>\r\n<\/div><div class=\"lopi-color\">\r\n<a href=\"http:\/\/lopia.is\/wp-content\/uploads\/2025\/07\/1424-1.jpg\" target=\"_blank\">\r\n<img decoding=\"async\" alt=\"Yellow\" src=\"http:\/\/lopia.is\/wp-content\/uploads\/2025\/07\/1424-1.jpg\"\/>\r\n<\/a>\r\n<div class=\"lopi-name\">Yellow<\/div>\r\n<div class=\"lopi-code\">1424<\/div>\r\n<\/div><div class=\"lopi-color\">\r\n<a href=\"http:\/\/lopia.is\/wp-content\/uploads\/2025\/07\/2011-2028-1.jpg\" target=\"_blank\">\r\n<img decoding=\"async\" alt=\"Arctic Embers\" src=\"http:\/\/lopia.is\/wp-content\/uploads\/2025\/07\/2011-2028-1.jpg\"\/>\r\n<\/a>\r\n<div class=\"lopi-name\">Arctic Embers<\/div>\r\n<div class=\"lopi-code\">2028<\/div>\r\n<\/div><div class=\"lopi-color\">\r\n<a href=\"http:\/\/lopia.is\/wp-content\/uploads\/2025\/07\/1426-1.jpg\" target=\"_blank\">\r\n<img decoding=\"async\" alt=\"Rust\" src=\"http:\/\/lopia.is\/wp-content\/uploads\/2025\/07\/1426-1.jpg\"\/>\r\n<\/a>\r\n<div class=\"lopi-name\">Rust<\/div>\r\n<div class=\"lopi-code\">1426<\/div>\r\n<\/div><div class=\"lopi-color\">\r\n<a href=\"http:\/\/lopia.is\/wp-content\/uploads\/2025\/07\/1425-2.jpg\" target=\"_blank\">\r\n<img decoding=\"async\" alt=\"Pink\" src=\"http:\/\/lopia.is\/wp-content\/uploads\/2025\/07\/1425-2.jpg\"\/>\r\n<\/a>\r\n<div class=\"lopi-name\">Pink<\/div>\r\n<div class=\"lopi-code\">1425<\/div>\r\n<\/div><div class=\"lopi-color\">\r\n<a href=\"http:\/\/lopia.is\/wp-content\/uploads\/2025\/07\/1430-2.jpg\" target=\"_blank\">\r\n<img decoding=\"async\" alt=\"Copper\" src=\"http:\/\/lopia.is\/wp-content\/uploads\/2025\/07\/1430-2.jpg\"\/>\r\n<\/a>\r\n<div class=\"lopi-name\">Copper<\/div>\r\n<div class=\"lopi-code\">1430<\/div>\r\n<\/div><div class=\"lopi-color\">\r\n<a href=\"http:\/\/lopia.is\/wp-content\/uploads\/2025\/07\/417-Plotulopi.jpg\" target=\"_blank\">\r\n<img decoding=\"async\" alt=\"Red\" src=\"http:\/\/lopia.is\/wp-content\/uploads\/2025\/07\/417-Plotulopi.jpg\"\/>\r\n<\/a>\r\n<div class=\"lopi-name\">Red<\/div>\r\n<div class=\"lopi-code\">0417<\/div>\r\n<\/div><div class=\"lopi-color\">\r\n<a href=\"http:\/\/lopia.is\/wp-content\/uploads\/2025\/07\/1427.jpg\" target=\"_blank\">\r\n<img decoding=\"async\" alt=\"Dark Red\" src=\"http:\/\/lopia.is\/wp-content\/uploads\/2025\/07\/1427.jpg\"\/>\r\n<\/a>\r\n<div class=\"lopi-name\">Dark Red<\/div>\r\n<div class=\"lopi-code\">1427<\/div>\r\n<\/div><div class=\"lopi-color\">\r\n<a href=\"http:\/\/lopia.is\/wp-content\/uploads\/2025\/07\/2011-2027.jpg\" target=\"_blank\">\r\n<img decoding=\"async\" alt=\"Vinland\" src=\"http:\/\/lopia.is\/wp-content\/uploads\/2025\/07\/2011-2027.jpg\"\/>\r\n<\/a>\r\n<div class=\"lopi-name\">Vinland<\/div>\r\n<div class=\"lopi-code\">2027<\/div>\r\n<\/div><div class=\"lopi-color\">\r\n<a href=\"http:\/\/lopia.is\/wp-content\/uploads\/2025\/07\/2011-2026.jpg\" target=\"_blank\">\r\n<img decoding=\"async\" alt=\"Blueberry Heather\" src=\"http:\/\/lopia.is\/wp-content\/uploads\/2025\/07\/2011-2026.jpg\"\/>\r\n<\/a>\r\n<div class=\"lopi-name\">Blueberry Heather<\/div>\r\n<div class=\"lopi-code\">2026<\/div>\r\n<\/div><!-- Missing: fj\u00f3luv\u00ednrau\u00f0ur 1428 --><div class=\"lopi-color\">\r\n<a href=\"http:\/\/lopia.is\/wp-content\/uploads\/2025\/07\/2011-2024.jpg\" target=\"_blank\">\r\n<img decoding=\"async\" alt=\"Black Cloud\" src=\"http:\/\/lopia.is\/wp-content\/uploads\/2025\/07\/2011-2024.jpg\"\/>\r\n<\/a>\r\n<div class=\"lopi-name\">Black Cloud<\/div>\r\n<div class=\"lopi-code\">2024<\/div>\r\n<\/div><div class=\"lopi-color\">\r\n<a href=\"http:\/\/lopia.is\/wp-content\/uploads\/2025\/07\/1766_Orange_W.jpg\" target=\"_blank\">\r\n<img decoding=\"async\" alt=\"Orange\" src=\"http:\/\/lopia.is\/wp-content\/uploads\/2025\/07\/1766_Orange_W.jpg\"\/>\r\n<\/a>\r\n<div class=\"lopi-name\">Orange<\/div>\r\n<div class=\"lopi-code\">1766<\/div>\r\n<\/div><\/div>\r\n<\/body>\r\n<\/html><br>\t\t\t\t<\/div>\n\t\t\t\t<\/div>\n\t\t\t\t<div class=\"elementor-element elementor-element-939fed4 elementor-widget elementor-widget-spacer\" data-id=\"939fed4\" data-element_type=\"widget\" data-e-type=\"widget\" data-widget_type=\"spacer.default\">\n\t\t\t\t<div class=\"elementor-widget-container\">\n\t\t\t\t\t\t\t<div class=\"elementor-spacer\">\n\t\t\t<div class=\"elementor-spacer-inner\"><\/div>\n\t\t<\/div>\n\t\t\t\t\t\t<\/div>\n\t\t\t\t<\/div>\n\t\t\t\t\t<\/div>\n\t\t\t\t<\/div>\n\t\t\t\t<\/div>\n\t\t","protected":false},"excerpt":{"rendered":"<p>Size charts and available colors Longer sweaters Size Bust (cm \/ inches) Hip (cm \/ inches) Length from shoulder (cm [&hellip;]<\/p>\n","protected":false},"author":2,"featured_media":0,"parent":0,"menu_order":0,"comment_status":"closed","ping_status":"closed","template":"","meta":{"site-sidebar-layout":"no-sidebar","site-content-layout":"","ast-site-content-layout":"full-width-container","site-content-style":"default","site-sidebar-style":"default","ast-global-header-display":"","ast-banner-title-visibility":"","ast-main-header-display":"","ast-hfb-above-header-display":"","ast-hfb-below-header-display":"","ast-hfb-mobile-header-display":"","site-post-title":"disabled","ast-breadcrumbs-content":"","ast-featured-img":"disabled","footer-sml-layout":"","ast-disable-related-posts":"","theme-transparent-header-meta":"","adv-header-id-meta":"","stick-header-meta":"","header-above-stick-meta":"","header-main-stick-meta":"","header-below-stick-meta":"","astra-migrate-meta-layouts":"default","ast-page-background-enabled":"default","ast-page-background-meta":{"desktop":{"background-color":"var(--ast-global-color-4)","background-image":"","background-repeat":"repeat","background-position":"center center","background-size":"auto","background-attachment":"scroll","background-type":"","background-media":"","overlay-type":"","overlay-color":"","overlay-opacity":"","overlay-gradient":""},"tablet":{"background-color":"","background-image":"","background-repeat":"repeat","background-position":"center center","background-size":"auto","background-attachment":"scroll","background-type":"","background-media":"","overlay-type":"","overlay-color":"","overlay-opacity":"","overlay-gradient":""},"mobile":{"background-color":"","background-image":"","background-repeat":"repeat","background-position":"center center","background-size":"auto","background-attachment":"scroll","background-type":"","background-media":"","overlay-type":"","overlay-color":"","overlay-opacity":"","overlay-gradient":""}},"ast-content-background-meta":{"desktop":{"background-color":"var(--ast-global-color-5)","background-image":"","background-repeat":"repeat","background-position":"center center","background-size":"auto","background-attachment":"scroll","background-type":"","background-media":"","overlay-type":"","overlay-color":"","overlay-opacity":"","overlay-gradient":""},"tablet":{"background-color":"var(--ast-global-color-5)","background-image":"","background-repeat":"repeat","background-position":"center center","background-size":"auto","background-attachment":"scroll","background-type":"","background-media":"","overlay-type":"","overlay-color":"","overlay-opacity":"","overlay-gradient":""},"mobile":{"background-color":"var(--ast-global-color-5)","background-image":"","background-repeat":"repeat","background-position":"center center","background-size":"auto","background-attachment":"scroll","background-type":"","background-media":"","overlay-type":"","overlay-color":"","overlay-opacity":"","overlay-gradient":""}},"footnotes":""},"class_list":["post-2541","page","type-page","status-publish","hentry"],"jetpack_sharing_enabled":true,"jetpack_likes_enabled":true,"_links":{"self":[{"href":"https:\/\/lopia.is\/en\/wp-json\/wp\/v2\/pages\/2541","targetHints":{"allow":["GET"]}}],"collection":[{"href":"https:\/\/lopia.is\/en\/wp-json\/wp\/v2\/pages"}],"about":[{"href":"https:\/\/lopia.is\/en\/wp-json\/wp\/v2\/types\/page"}],"author":[{"embeddable":true,"href":"https:\/\/lopia.is\/en\/wp-json\/wp\/v2\/users\/2"}],"replies":[{"embeddable":true,"href":"https:\/\/lopia.is\/en\/wp-json\/wp\/v2\/comments?post=2541"}],"version-history":[{"count":11,"href":"https:\/\/lopia.is\/en\/wp-json\/wp\/v2\/pages\/2541\/revisions"}],"predecessor-version":[{"id":2653,"href":"https:\/\/lopia.is\/en\/wp-json\/wp\/v2\/pages\/2541\/revisions\/2653"}],"wp:attachment":[{"href":"https:\/\/lopia.is\/en\/wp-json\/wp\/v2\/media?parent=2541"}],"curies":[{"name":"wp","href":"https:\/\/api.w.org\/{rel}","templated":true}]}}